{"id":234,"date":"2026-03-26T14:46:26","date_gmt":"2026-03-26T14:46:26","guid":{"rendered":"https:\/\/argiena.com\/?post_type=product&#038;p=234"},"modified":"2026-04-08T06:36:23","modified_gmt":"2026-04-08T06:36:23","slug":"vitalcrins","status":"publish","type":"product","link":"https:\/\/argiena.com\/index.php\/product\/vitalcrins\/","title":{"rendered":"VitalCrins"},"content":{"rendered":"<p style=\"text-align: left;\"><strong>Crins qui ne poussent pas, peu ou plus ?\u00a0<\/strong><\/p>\n<p>&nbsp;<\/p>\n<p><strong>VITALCRINS a \u00e9t\u00e9 con\u00e7u pour les crins clairsem\u00e9s, fragiles, qui stagnent ou peinent \u00e0 se densifier. L\u00e0 o\u00f9 l\u2019on nourrit habituellement\u2026 lui stimule.<\/strong><\/p>\n<p>Sa force repose sur une base v\u00e9g\u00e9tale dynamique domin\u00e9e par\u00a0<strong>l\u2019hydrolat de romarin corse <img loading=\"lazy\" decoding=\"async\" class=\"\" src=\"https:\/\/fonts.gstatic.com\/s\/e\/notoemoji\/17.0\/1f33f\/72.png\" alt=\"\ud83c\udf3f\" width=\"32\" height=\"32\" \/><\/strong>\u00a0et renforc\u00e9e par la\u00a0<strong>caf\u00e9ine <img loading=\"lazy\" decoding=\"async\" class=\"\" src=\"https:\/\/fonts.gstatic.com\/s\/e\/notoemoji\/17.0\/2615_fe0f\/72.png\" alt=\"\u2615\ufe0f\" width=\"34\" height=\"34\" \/><\/strong>, qui agissent ensemble pour activer la microcirculation et r\u00e9veiller l\u2019activit\u00e9 des follicules.<\/p>\n<p>&nbsp;<\/p>\n<p><strong>Ce s\u00e9rum ne se contente pas de \u201csoigner\u201d\u2026 il d\u00e9clenche.<\/strong><\/p>\n<p>Sa structure lamellaire biomim\u00e9tique permet une affinit\u00e9 directe avec le cuir chevelu \u00e9quin :<br \/>\nles actifs diffusent, s\u2019ancrent, et travaillent au plus pr\u00e8s de la racine.<\/p>\n<p>R\u00e9sultat : le bulbe n\u2019est plus en veille, il est\u00a0<strong>stimul\u00e9, soutenu et relanc\u00e9<\/strong>.<\/p>\n<p>&nbsp;<\/p>\n<p>Ce que vous observez :<br \/>\n\u2013 crins plus denses, plus pr\u00e9sents<br \/>\n\u2013 am\u00e9lioration de la qualit\u00e9 et de la tenue<br \/>\n\u2013 pousse relanc\u00e9e sur les zones appauvries<br \/>\n\u2013 racines plus fortes, moins de casse<\/p>\n<p>&nbsp;<\/p>\n<p><strong>Contrairement aux soins gras qui enr<\/strong><strong>obent sans agir,VITALCRINS agit \u00e0 la source.<\/strong><\/p>\n<p>C\u2019est une approche biologique, pas cosm\u00e9tique.<\/p>\n<p>Pens\u00e9 pour une utilisation r\u00e9guli\u00e8re sur chevaux \u00e0 crins fragiles, cassants ou peu fournis,<br \/>\nil devient rapidement un levier de transformation visible.<\/p>\n<p style=\"text-align: center;\"><strong>On ne triche plus avec la mati\u00e8re. On r\u00e9active le vivant.<\/strong><\/p>\n<p>&nbsp;<\/p>\n","protected":false},"excerpt":{"rendered":"<p style=\"text-align: left;\">S\u00e9rum lamellaire biog\u00e9nique \u00e0 r\u00e9seau polysaccharidique adaptatif<\/p>\n","protected":false},"featured_media":386,"comment_status":"open","ping_status":"closed","template":"","meta":[],"product_brand":[],"product_cat":[26],"product_tag":[],"class_list":{"0":"post-234","1":"product","2":"type-product","3":"status-publish","4":"has-post-thumbnail","6":"product_cat-serum","8":"first","9":"instock","10":"taxable","11":"shipping-taxable","12":"purchasable","13":"product-type-simple"},"jetpack_sharing_enabled":true,"_links":{"self":[{"href":"https:\/\/argiena.com\/index.php\/wp-json\/wp\/v2\/product\/234","targetHints":{"allow":["GET"]}}],"collection":[{"href":"https:\/\/argiena.com\/index.php\/wp-json\/wp\/v2\/product"}],"about":[{"href":"https:\/\/argiena.com\/index.php\/wp-json\/wp\/v2\/types\/product"}],"replies":[{"embeddable":true,"href":"https:\/\/argiena.com\/index.php\/wp-json\/wp\/v2\/comments?post=234"}],"wp:featuredmedia":[{"embeddable":true,"href":"https:\/\/argiena.com\/index.php\/wp-json\/wp\/v2\/media\/386"}],"wp:attachment":[{"href":"https:\/\/argiena.com\/index.php\/wp-json\/wp\/v2\/media?parent=234"}],"wp:term":[{"taxonomy":"product_brand","embeddable":true,"href":"https:\/\/argiena.com\/index.php\/wp-json\/wp\/v2\/product_brand?post=234"},{"taxonomy":"product_cat","embeddable":true,"href":"https:\/\/argiena.com\/index.php\/wp-json\/wp\/v2\/product_cat?post=234"},{"taxonomy":"product_tag","embeddable":true,"href":"https:\/\/argiena.com\/index.php\/wp-json\/wp\/v2\/product_tag?post=234"}],"curies":[{"name":"wp","href":"https:\/\/api.w.org\/{rel}","templated":true}]}}