{"id":223,"date":"2026-03-25T21:29:45","date_gmt":"2026-03-25T21:29:45","guid":{"rendered":"https:\/\/argiena.com\/?post_type=product&#038;p=223"},"modified":"2026-03-30T19:31:05","modified_gmt":"2026-03-30T19:31:05","slug":"le-dissolvant","status":"publish","type":"product","link":"https:\/\/argiena.com\/index.php\/product\/le-dissolvant\/","title":{"rendered":"Le Dissolvant"},"content":{"rendered":"<p style=\"text-align: center;\"><strong>LA r\u00e9volution by ARGIENA !!<\/strong><\/p>\n<p style=\"text-align: center;\">Avec ce spray 100% naturel et artisanal compos\u00e9 de sucre v\u00e9g\u00e9tal et de saponaire officinal, enlever les restes d&#8217;argile devient un jeu d&#8217;enfant.<\/p>\n<p style=\"text-align: center;\">Ce spray capte les ions min\u00e9raux, casse la structure de l&#8217;argile et cr\u00e9\u00e9 un v\u00e9ritable peel-off.<\/p>\n<p>&nbsp;<\/p>\n<p>&nbsp;<\/p>\n","protected":false},"excerpt":{"rendered":"<p>Fini la gal\u00e8re de l&#8217;argile s\u00e8che qui malgr\u00e9 6000 d&#8217;eau reste accroch\u00e9e aux poils !<\/p>\n","protected":false},"featured_media":321,"comment_status":"open","ping_status":"closed","template":"","meta":[],"product_brand":[],"product_cat":[24],"product_tag":[],"class_list":{"0":"post-223","1":"product","2":"type-product","3":"status-publish","4":"has-post-thumbnail","6":"product_cat-argiles","8":"first","9":"instock","10":"taxable","11":"shipping-taxable","12":"purchasable","13":"product-type-simple"},"jetpack_sharing_enabled":true,"_links":{"self":[{"href":"https:\/\/argiena.com\/index.php\/wp-json\/wp\/v2\/product\/223","targetHints":{"allow":["GET"]}}],"collection":[{"href":"https:\/\/argiena.com\/index.php\/wp-json\/wp\/v2\/product"}],"about":[{"href":"https:\/\/argiena.com\/index.php\/wp-json\/wp\/v2\/types\/product"}],"replies":[{"embeddable":true,"href":"https:\/\/argiena.com\/index.php\/wp-json\/wp\/v2\/comments?post=223"}],"wp:featuredmedia":[{"embeddable":true,"href":"https:\/\/argiena.com\/index.php\/wp-json\/wp\/v2\/media\/321"}],"wp:attachment":[{"href":"https:\/\/argiena.com\/index.php\/wp-json\/wp\/v2\/media?parent=223"}],"wp:term":[{"taxonomy":"product_brand","embeddable":true,"href":"https:\/\/argiena.com\/index.php\/wp-json\/wp\/v2\/product_brand?post=223"},{"taxonomy":"product_cat","embeddable":true,"href":"https:\/\/argiena.com\/index.php\/wp-json\/wp\/v2\/product_cat?post=223"},{"taxonomy":"product_tag","embeddable":true,"href":"https:\/\/argiena.com\/index.php\/wp-json\/wp\/v2\/product_tag?post=223"}],"curies":[{"name":"wp","href":"https:\/\/api.w.org\/{rel}","templated":true}]}}