{"id":215,"date":"2026-03-25T20:48:54","date_gmt":"2026-03-25T20:48:54","guid":{"rendered":"https:\/\/argiena.com\/?post_type=product&#038;p=215"},"modified":"2026-03-30T19:33:42","modified_gmt":"2026-03-30T19:33:42","slug":"le-restructurant","status":"publish","type":"product","link":"https:\/\/argiena.com\/index.php\/product\/le-restructurant\/","title":{"rendered":"Le Restructurant"},"content":{"rendered":"<p><strong>Une zone alt\u00e9r\u00e9e n\u00e9cessite une r\u00e9ponse sp\u00e9cifique<\/strong><br \/>\nMicro-l\u00e9sions, s\u00e9cheresse install\u00e9e, zones sensibilis\u00e9es\u2026<br \/>\nCertaines l\u00e8vres ne demandent plus seulement une barri\u00e8re, mais un environnement favorable \u00e0 la r\u00e9g\u00e9n\u00e9ration.<\/p>\n<p>LE RESTRUCTURANT agit comme un support de reconstruction cutan\u00e9e.<\/p>\n<p><strong>Une base structurante orient\u00e9e r\u00e9paration<\/strong><br \/>\nAfin d\u2019avoir un :<br \/>\n\u2022 film protecteur stable, plus dense<br \/>\n\u2022 maintien des actifs au contact de la peau<br \/>\n\u2022 protection des zones fragilis\u00e9es<\/p>\n<p>&nbsp;<\/p>\n<p><img loading=\"lazy\" decoding=\"async\" class=\"\" src=\"https:\/\/fonts.gstatic.com\/s\/e\/notoemoji\/17.0\/1f41d\/72.png\" alt=\"\ud83d\udc1d\" width=\"39\" height=\"39\" \/>La\u00a0<strong>cire d\u2019abeille corse<\/strong>, plus qu\u2019un agent filmog\u00e8ne, apporte ici une structure protectrice qui stabilise les tissus en phase de r\u00e9paration et limite les agressions m\u00e9caniques externes.<\/p>\n<p><strong><img loading=\"lazy\" decoding=\"async\" class=\"\" src=\"https:\/\/fonts.gstatic.com\/s\/e\/notoemoji\/17.0\/1f9eb\/72.png\" alt=\"\ud83e\uddeb\" width=\"33\" height=\"33\" \/> Une matrice lipidique r\u00e9paratrice compos\u00e9e de plusieurs huiles v\u00e9g\u00e9tales pour le<\/strong>\u00a0soutien cutan\u00e9, zones ab\u00eem\u00e9es, adh\u00e9rence, nutrition cibl\u00e9e, souplesse<\/p>\n<p>Une base riche, pens\u00e9e pour accompagner la r\u00e9g\u00e9n\u00e9ration sans \u00e9touffer la peau +u<strong>Un noyau actif cicatrisant avec\u00a0<\/strong>soutien direct des processus de r\u00e9paration, apaisement, r\u00e9duction des inconforts et une action cibl\u00e9e sur les zones alt\u00e9r\u00e9es.<\/p>\n<p>&nbsp;<\/p>\n<p><strong>Complexe min\u00e9ral &amp; texturant fonctionnel \u00a0:<\/strong><br \/>\n<img loading=\"lazy\" decoding=\"async\" class=\"\" src=\"https:\/\/fonts.gstatic.com\/s\/e\/notoemoji\/17.0\/1f330\/72.png\" alt=\"\ud83c\udf30\" width=\"32\" height=\"32\" \/> La\u00a0<strong>farine de ch\u00e2taigne corse<\/strong>\u00a0apporte ici une dimension int\u00e9ressante : elle agit comme un support min\u00e9ral fin, contribuant \u00e0 stabiliser la mati\u00e8re sur la peau en reconstruction, tout en \u00e9vitant l\u2019effet glissant des baumes classiques.<\/p>\n<p><img loading=\"lazy\" decoding=\"async\" class=\"\" src=\"https:\/\/fonts.gstatic.com\/s\/e\/notoemoji\/17.0\/26aa_fe0f\/72.png\" alt=\"\u26aa\ufe0f\" width=\"31\" height=\"31\" \/>L\u2019<strong>argile blanche corse<\/strong>, plus douce que les argiles absorbantes classiques, participe \u00e0 clarifier la zone sans perturber le processus de r\u00e9paration, tout en apportant une l\u00e9g\u00e8re tenue suppl\u00e9mentaire.<\/p>\n<p>&nbsp;<\/p>\n<p style=\"text-align: center;\">Produit <strong>artisanalement<\/strong> fait \u00e0 la demande.<\/p>\n","protected":false},"excerpt":{"rendered":"<p>Con\u00e7u pour les l\u00e8vres fragilis\u00e9es, alt\u00e9r\u00e9es ou marqu\u00e9es, LE RESTRUCTURANT agit comme un soin de reconstruction : il accompagne la peau dans son processus de r\u00e9paration, tout en la prot\u00e9geant des agressions ext\u00e9rieures.<\/p>\n","protected":false},"featured_media":358,"comment_status":"open","ping_status":"closed","template":"","meta":[],"product_brand":[],"product_cat":[22],"product_tag":[],"class_list":{"0":"post-215","1":"product","2":"type-product","3":"status-publish","4":"has-post-thumbnail","6":"product_cat-sticks","8":"first","9":"instock","10":"taxable","11":"shipping-taxable","12":"purchasable","13":"product-type-simple"},"jetpack_sharing_enabled":true,"_links":{"self":[{"href":"https:\/\/argiena.com\/index.php\/wp-json\/wp\/v2\/product\/215","targetHints":{"allow":["GET"]}}],"collection":[{"href":"https:\/\/argiena.com\/index.php\/wp-json\/wp\/v2\/product"}],"about":[{"href":"https:\/\/argiena.com\/index.php\/wp-json\/wp\/v2\/types\/product"}],"replies":[{"embeddable":true,"href":"https:\/\/argiena.com\/index.php\/wp-json\/wp\/v2\/comments?post=215"}],"wp:featuredmedia":[{"embeddable":true,"href":"https:\/\/argiena.com\/index.php\/wp-json\/wp\/v2\/media\/358"}],"wp:attachment":[{"href":"https:\/\/argiena.com\/index.php\/wp-json\/wp\/v2\/media?parent=215"}],"wp:term":[{"taxonomy":"product_brand","embeddable":true,"href":"https:\/\/argiena.com\/index.php\/wp-json\/wp\/v2\/product_brand?post=215"},{"taxonomy":"product_cat","embeddable":true,"href":"https:\/\/argiena.com\/index.php\/wp-json\/wp\/v2\/product_cat?post=215"},{"taxonomy":"product_tag","embeddable":true,"href":"https:\/\/argiena.com\/index.php\/wp-json\/wp\/v2\/product_tag?post=215"}],"curies":[{"name":"wp","href":"https:\/\/api.w.org\/{rel}","templated":true}]}}