{"id":214,"date":"2026-03-25T20:43:53","date_gmt":"2026-03-25T20:43:53","guid":{"rendered":"https:\/\/argiena.com\/?post_type=product&#038;p=214"},"modified":"2026-03-30T19:33:32","modified_gmt":"2026-03-30T19:33:32","slug":"le-protecteur","status":"publish","type":"product","link":"https:\/\/argiena.com\/index.php\/product\/le-protecteur\/","title":{"rendered":"Le Protecteur"},"content":{"rendered":"<p>LE PROTECTEUR agit comme un renfort structurel, pas comme un simple baume.<\/p>\n<p><strong>Une architecture filmog\u00e8ne intelligente pour d\u2019\u00e9tablir la<\/strong><\/p>\n<p>\u2022 formation d\u2019un film souple, adh\u00e9rent, non occlusif<br \/>\n\u2022 r\u00e9sistance \u00e0 l\u2019humidit\u00e9 et aux frottements<br \/>\n\u2022 tenue prolong\u00e9e sur zone mobile<\/p>\n<p>&nbsp;<\/p>\n<p><img loading=\"lazy\" decoding=\"async\" class=\"\" src=\"https:\/\/fonts.gstatic.com\/s\/e\/notoemoji\/17.0\/1f41d\/72.png\" alt=\"\ud83d\udc1d\" width=\"34\" height=\"34\" \/> La\u00a0<strong>cire d\u2019abeille corse<\/strong>, riche et structurante, joue un r\u00f4le cl\u00e9 :<br \/>\nelle cr\u00e9e une barri\u00e8re protectrice respirante, limite la d\u00e9shydratation et am\u00e9liore la coh\u00e9sion du film \u00e0 la surface des l\u00e8vres.Le film prot\u00e8ge sans bloquer les \u00e9changes.<\/p>\n<p>&nbsp;<\/p>\n<p><strong><img loading=\"lazy\" decoding=\"async\" class=\"\" src=\"https:\/\/fonts.gstatic.com\/s\/e\/notoemoji\/17.0\/1f33f\/72.png\" alt=\"\ud83c\udf3f\" width=\"39\" height=\"39\" \/> Un noyau lipidique fonctionnel d\u2019huiles v\u00e9g\u00e9tales amenant\u00a0:<\/strong>\u00a0nutrition fine, souplesse imm\u00e9diate, densit\u00e9, adh\u00e9rence, effet protecteur renforc\u00e9<\/p>\n<p>&nbsp;<\/p>\n<p><strong><img loading=\"lazy\" decoding=\"async\" class=\"\" src=\"https:\/\/fonts.gstatic.com\/s\/e\/notoemoji\/17.0\/1f9eb\/72.png\" alt=\"\ud83e\uddeb\" width=\"37\" height=\"37\" \/> Des actif protecteurs cibl\u00e9s pour le<\/strong>\u00a0soutien des zones sensibilis\u00e9es, apaisement, r\u00e9duction des inconforts pour procurer une action directe sur les l\u00e8vres fragilis\u00e9es ou sollicit\u00e9es.<\/p>\n<p>&nbsp;<\/p>\n<p style=\"text-align: left;\"><strong>Signature corse &amp; stabilit\u00e9<\/strong><br \/>\n<img loading=\"lazy\" decoding=\"async\" class=\"\" src=\"https:\/\/fonts.gstatic.com\/s\/e\/notoemoji\/17.0\/1f330\/72.png\" alt=\"\ud83c\udf30\" width=\"33\" height=\"33\" \/>La\u00a0<strong>farine de ch\u00e2taigne corse<\/strong>\u00a0agit comme un micro-support naturel :<br \/>\nelle renforce l\u00e9g\u00e8rement la structure du baume, am\u00e9liore son accroche et participe \u00e0 un toucher plus stable, moins glissant, plus durable.<\/p>\n<p>&nbsp;<\/p>\n<p style=\"text-align: center;\">Produit artisanalement fait \u00e0 la demande.<\/p>\n<p>&nbsp;<\/p>\n","protected":false},"excerpt":{"rendered":"<p><strong>Barri\u00e8re active &amp; protection longue dur\u00e9e<\/strong>. Finie les l\u00e8vres abim\u00e9es !<\/p>\n","protected":false},"featured_media":356,"comment_status":"open","ping_status":"closed","template":"","meta":[],"product_brand":[],"product_cat":[22],"product_tag":[],"class_list":{"0":"post-214","1":"product","2":"type-product","3":"status-publish","4":"has-post-thumbnail","6":"product_cat-sticks","8":"first","9":"instock","10":"taxable","11":"shipping-taxable","12":"purchasable","13":"product-type-simple"},"jetpack_sharing_enabled":true,"_links":{"self":[{"href":"https:\/\/argiena.com\/index.php\/wp-json\/wp\/v2\/product\/214","targetHints":{"allow":["GET"]}}],"collection":[{"href":"https:\/\/argiena.com\/index.php\/wp-json\/wp\/v2\/product"}],"about":[{"href":"https:\/\/argiena.com\/index.php\/wp-json\/wp\/v2\/types\/product"}],"replies":[{"embeddable":true,"href":"https:\/\/argiena.com\/index.php\/wp-json\/wp\/v2\/comments?post=214"}],"wp:featuredmedia":[{"embeddable":true,"href":"https:\/\/argiena.com\/index.php\/wp-json\/wp\/v2\/media\/356"}],"wp:attachment":[{"href":"https:\/\/argiena.com\/index.php\/wp-json\/wp\/v2\/media?parent=214"}],"wp:term":[{"taxonomy":"product_brand","embeddable":true,"href":"https:\/\/argiena.com\/index.php\/wp-json\/wp\/v2\/product_brand?post=214"},{"taxonomy":"product_cat","embeddable":true,"href":"https:\/\/argiena.com\/index.php\/wp-json\/wp\/v2\/product_cat?post=214"},{"taxonomy":"product_tag","embeddable":true,"href":"https:\/\/argiena.com\/index.php\/wp-json\/wp\/v2\/product_tag?post=214"}],"curies":[{"name":"wp","href":"https:\/\/api.w.org\/{rel}","templated":true}]}}