{"id":213,"date":"2026-03-25T20:37:51","date_gmt":"2026-03-25T20:37:51","guid":{"rendered":"https:\/\/argiena.com\/?post_type=product&#038;p=213"},"modified":"2026-03-30T19:34:16","modified_gmt":"2026-03-30T19:34:16","slug":"terre-immortelle","status":"publish","type":"product","link":"https:\/\/argiena.com\/index.php\/product\/terre-immortelle\/","title":{"rendered":"Terre Immortelle"},"content":{"rendered":"<p style=\"text-align: left;\"><strong>Une peau alt\u00e9r\u00e9e demande autre chose qu\u2019un nettoyage<\/strong><br \/>\nZones sensibilis\u00e9es, perte de souplesse, micro-agressions r\u00e9p\u00e9t\u00e9es\u2026 Certaines peaux ne n\u00e9cessitent pas d\u2019\u00eatre purifi\u00e9es, mais soutenues.<br \/>\nTERRE IMMORTELLE agit comme un soin lavant nutritif.<\/p>\n<p>&nbsp;<\/p>\n<p><strong>Une mati\u00e8re riche, protectrice, non occlusive<\/strong><br \/>\nBase glyc\u00e9rin\u00e9e enrichie en huile d\u2019aloe vera :<br \/>\n\u2022 mousse douce, enveloppante<br \/>\n\u2022 maintien de l\u2019hydratation<br \/>\n\u2022 nettoyage sans d\u00e9lipidation excessive<\/p>\n<p>La peau est nettoy\u00e9e tout en \u00e9tant accompagn\u00e9e.<\/p>\n<p>&nbsp;<\/p>\n<p><strong>Un noyau actif orient\u00e9 r\u00e9paration:<\/strong><\/p>\n<p><img loading=\"lazy\" decoding=\"async\" class=\"\" src=\"https:\/\/fonts.gstatic.com\/s\/e\/notoemoji\/17.0\/1f33c\/72.png\" alt=\"\ud83c\udf3c\" width=\"18\" height=\"18\" \/> <strong>Immortelle<\/strong> : soutien des tissus, am\u00e9lioration de la qualit\u00e9 cutan\u00e9e<\/p>\n<p><img loading=\"lazy\" decoding=\"async\" class=\"\" src=\"https:\/\/fonts.gstatic.com\/s\/e\/notoemoji\/17.0\/1f351\/72.png\" alt=\"\ud83c\udf51\" width=\"22\" height=\"22\" \/>\u00a0<strong>Huile d\u2019abricot<\/strong> : nutrition l\u00e9g\u00e8re, souplesse et \u00e9lasticit\u00e9<\/p>\n<p><strong><img loading=\"lazy\" decoding=\"async\" class=\"\" src=\"https:\/\/fonts.gstatic.com\/s\/e\/notoemoji\/17.0\/1f36f\/72.png\" alt=\"\ud83c\udf6f\" width=\"24\" height=\"24\" \/> Miel corse AOP<\/strong>\u00a0: maintien hydrique, confort imm\u00e9diat apr\u00e8s rin\u00e7age<\/p>\n<p>&nbsp;<\/p>\n<p style=\"text-align: center;\"><strong>Un effet peau souple, apais\u00e9e, restaur\u00e9e<\/strong><\/p>\n<p style=\"text-align: center;\">Vendu avec sa lani\u00e8re et sa bo\u00eete de rangement en m\u00e9tal. Le visuel peut changer selon les produits.<\/p>\n<p style=\"text-align: center;\">\n","protected":false},"excerpt":{"rendered":"<p>Savon solide artisanal \u00e0 base d&#8217;<strong>Immortelle<\/strong> et de <strong>Miel noir<\/strong> <strong>Corse<\/strong>.<\/p>\n","protected":false},"featured_media":331,"comment_status":"open","ping_status":"closed","template":"","meta":[],"product_brand":[],"product_cat":[21],"product_tag":[],"class_list":{"0":"post-213","1":"product","2":"type-product","3":"status-publish","4":"has-post-thumbnail","6":"product_cat-savons-solides","8":"first","9":"instock","10":"taxable","11":"shipping-taxable","12":"purchasable","13":"product-type-simple"},"jetpack_sharing_enabled":true,"_links":{"self":[{"href":"https:\/\/argiena.com\/index.php\/wp-json\/wp\/v2\/product\/213","targetHints":{"allow":["GET"]}}],"collection":[{"href":"https:\/\/argiena.com\/index.php\/wp-json\/wp\/v2\/product"}],"about":[{"href":"https:\/\/argiena.com\/index.php\/wp-json\/wp\/v2\/types\/product"}],"replies":[{"embeddable":true,"href":"https:\/\/argiena.com\/index.php\/wp-json\/wp\/v2\/comments?post=213"}],"wp:featuredmedia":[{"embeddable":true,"href":"https:\/\/argiena.com\/index.php\/wp-json\/wp\/v2\/media\/331"}],"wp:attachment":[{"href":"https:\/\/argiena.com\/index.php\/wp-json\/wp\/v2\/media?parent=213"}],"wp:term":[{"taxonomy":"product_brand","embeddable":true,"href":"https:\/\/argiena.com\/index.php\/wp-json\/wp\/v2\/product_brand?post=213"},{"taxonomy":"product_cat","embeddable":true,"href":"https:\/\/argiena.com\/index.php\/wp-json\/wp\/v2\/product_cat?post=213"},{"taxonomy":"product_tag","embeddable":true,"href":"https:\/\/argiena.com\/index.php\/wp-json\/wp\/v2\/product_tag?post=213"}],"curies":[{"name":"wp","href":"https:\/\/api.w.org\/{rel}","templated":true}]}}