{"id":76,"date":"2026-03-09T10:04:53","date_gmt":"2026-03-09T09:04:53","guid":{"rendered":"https:\/\/argienaselfcareproducts.wordpress.com\/notre-savoir-faire\/"},"modified":"2026-03-15T15:14:13","modified_gmt":"2026-03-15T15:14:13","slug":"notre-savoir-faire","status":"publish","type":"page","link":"https:\/\/argiena.com\/index.php\/notre-savoir-faire\/","title":{"rendered":"Notre savoir-faire"},"content":{"rendered":"\n<div class=\"wp-block-cover alignfull\" style=\"padding-top:var(--wp--preset--spacing--50);padding-right:var(--wp--preset--spacing--40);padding-bottom:var(--wp--preset--spacing--40);padding-left:var(--wp--preset--spacing--40);min-height:558px;aspect-ratio:unset;\"><img loading=\"lazy\" decoding=\"async\" width=\"587\" height=\"1024\" class=\"wp-block-cover__image-background wp-image-20 size-large\" alt=\"\" src=\"https:\/\/argiena.com\/wp-content\/uploads\/2026\/03\/image0-1-587x1024.jpeg\" data-object-fit=\"cover\" srcset=\"https:\/\/argiena.com\/wp-content\/uploads\/2026\/03\/image0-1-587x1024.jpeg 587w, https:\/\/argiena.com\/wp-content\/uploads\/2026\/03\/image0-1-600x1047.jpeg 600w, https:\/\/argiena.com\/wp-content\/uploads\/2026\/03\/image0-1-172x300.jpeg 172w, https:\/\/argiena.com\/wp-content\/uploads\/2026\/03\/image0-1-768x1341.jpeg 768w, https:\/\/argiena.com\/wp-content\/uploads\/2026\/03\/image0-1-880x1536.jpeg 880w, https:\/\/argiena.com\/wp-content\/uploads\/2026\/03\/image0-1-1173x2048.jpeg 1173w, https:\/\/argiena.com\/wp-content\/uploads\/2026\/03\/image0-1.jpeg 1320w\" sizes=\"auto, (max-width: 587px) 100vw, 587px\" \/><span aria-hidden=\"true\" class=\"wp-block-cover__background has-theme-5-background-color has-background-dim\"><\/span><div class=\"wp-block-cover__inner-container has-global-padding is-layout-constrained wp-container-core-cover-is-layout-57204a85 wp-block-cover-is-layout-constrained\">\n<div class=\"wp-block-group alignwide is-layout-flow wp-block-group-is-layout-flow\" style=\"margin-top:0;margin-bottom:0;padding-top:0;padding-right:0;padding-bottom:0;padding-left:0\">\n<div class=\"wp-block-columns is-layout-flex wp-container-core-columns-is-layout-28f84493 wp-block-columns-is-layout-flex\">\n<div class=\"wp-block-column is-layout-flow wp-block-column-is-layout-flow\" style=\"flex-basis:33.33%\"><\/div>\n\n\n\n<div class=\"wp-block-column is-vertically-aligned-stretch is-layout-flow wp-block-column-is-layout-flow\" style=\"flex-basis:66.67%\">\n<p>La peau du cheval est une t\u00e9l\u00e9commande. Nos produits optimisent le signal. La peau devient l&#8217;organe d&#8217;entr\u00e9e de l&#8217;information, et le produit devient le vecteur qui am\u00e9liore la qualit\u00e9 du signal (tactile, thermique, olfactif, proprioceptif l\u00e9ger).<\/p>\n<\/div>\n\n\n\n<div class=\"wp-block-column is-layout-flow wp-block-column-is-layout-flow\" style=\"flex-basis:33.33%\"><\/div>\n<\/div>\n<\/div>\n<\/div><\/div>\n\n\n\n<div class=\"wp-block-cover is-light alignfull\" style=\"padding-top:var(--wp--preset--spacing--50);padding-right:var(--wp--preset--spacing--40);padding-bottom:var(--wp--preset--spacing--40);padding-left:var(--wp--preset--spacing--40);min-height:558px;aspect-ratio:unset;\"><span aria-hidden=\"true\" class=\"wp-block-cover__background has-theme-5-background-color has-background-dim\"><\/span><div class=\"wp-block-cover__inner-container has-global-padding is-layout-constrained wp-container-core-cover-is-layout-57204a85 wp-block-cover-is-layout-constrained\">\n<div class=\"wp-block-group alignwide is-layout-flow wp-block-group-is-layout-flow\" style=\"margin-top:0;margin-bottom:0;padding-top:0;padding-right:0;padding-bottom:0;padding-left:0\">\n<div class=\"wp-block-columns is-layout-flex wp-container-core-columns-is-layout-28f84493 wp-block-columns-is-layout-flex\">\n<div class=\"wp-block-column is-layout-flow wp-block-column-is-layout-flow\" style=\"flex-basis:50%\">\n<h6 class=\"wp-block-heading has-theme-1-color has-theme-5-background-color has-text-color has-background has-link-color has-medium-font-size wp-elements-7f90c91fb66d38eea5697a313218caed\">Etape 1: Pr\u00e9parer le syst\u00e8me sensoriel.<\/h6>\n\n\n\n<div class=\"wp-block-group is-nowrap is-layout-flex wp-container-core-group-is-layout-6c531013 wp-block-group-is-layout-flex\">\n<p class=\"has-theme-1-color has-theme-5-background-color has-text-color has-background has-link-color wp-elements-e36adffcdd492a9a64c0dd0aa60fd45b\">Certains \u00e9tats cutan\u00e9s perturbent la r\u00e9ception d\u2019informations (tension superficielle, hypersensibilit\u00e9, s\u00e9cheresse, surstimulation). Le cosm\u00e9tique agit alors comme r\u00e9gulateur sensoriel.\u00a0<\/p>\n<\/div>\n\n\n\n<h4 class=\"wp-block-heading has-theme-1-color has-theme-5-background-color has-text-color has-background has-link-color has-medium-font-size wp-elements-2f9433f1ca39241e11b47f2d1a2b92e7\">Etape 2: Ritualisation.<\/h4>\n\n\n\n<div class=\"wp-block-group is-nowrap is-layout-flex wp-container-core-group-is-layout-6c531013 wp-block-group-is-layout-flex\">\n<blockquote class=\"wp-block-quote is-layout-flow wp-block-quote-is-layout-flow\">\n<p class=\"has-text-align-center has-theme-1-color has-theme-5-background-color has-text-color has-background has-link-color wp-elements-18e4fa8952d2e2f7dbc117248c727892\">&#8220;Nous ne vendons plus un cosm\u00e9tique, nous vendons un protocole de lecture ainsi qu&#8217;une modulation sensorielle. Nous ne vendons pas un produit qui \u201ccorrige\u201d le cheval. Nous vendons un produit qui optimise la qualit\u00e9 de l\u2019information sensorielle re\u00e7ue par le cheval.&#8221;<\/p>\n<\/blockquote>\n<\/div>\n<\/div>\n\n\n\n<div class=\"wp-block-column is-vertically-aligned-top has-global-padding is-content-justification-left is-layout-constrained wp-container-core-column-is-layout-12dd3699 wp-block-column-is-layout-constrained\" style=\"flex-basis:66.67%\">\n<figure class=\"wp-block-image alignleft size-large is-resized\"><img decoding=\"async\" src=\"https:\/\/argiena.com\/wp-content\/uploads\/2026\/03\/img_6322.jpeg?w=768\" alt=\"\" class=\"wp-image-21\" style=\"aspect-ratio:0.7500094507239254;width:393px;height:auto\"\/><\/figure>\n<\/div>\n<\/div>\n<\/div>\n\n\n\n<div class=\"wp-block-group is-nowrap is-layout-flex wp-container-core-group-is-layout-6c531013 wp-block-group-is-layout-flex\">\n<p class=\"has-text-align-center has-theme-1-color has-theme-5-background-color has-text-color has-background has-link-color has-ibarra-real-nova-font-family wp-elements-b4f14096d0ad2dcc6e6f627dd3f8cd5e\" style=\"font-size:clamp(18.434px, 1.152rem + ((1vw - 3.2px) * 0.943), 29px);\">Le cosm\u00e9tique devient un protocole court : appliquer = activer la t\u00e9l\u00e9commande.<\/p>\n<\/div>\n<\/div><\/div>\n","protected":false},"excerpt":{"rendered":"","protected":false},"author":1,"featured_media":21,"parent":0,"menu_order":0,"comment_status":"closed","ping_status":"closed","template":"","meta":{"footnotes":""},"class_list":["post-76","page","type-page","status-publish","has-post-thumbnail","hentry"],"jetpack_sharing_enabled":true,"_links":{"self":[{"href":"https:\/\/argiena.com\/index.php\/wp-json\/wp\/v2\/pages\/76","targetHints":{"allow":["GET"]}}],"collection":[{"href":"https:\/\/argiena.com\/index.php\/wp-json\/wp\/v2\/pages"}],"about":[{"href":"https:\/\/argiena.com\/index.php\/wp-json\/wp\/v2\/types\/page"}],"author":[{"embeddable":true,"href":"https:\/\/argiena.com\/index.php\/wp-json\/wp\/v2\/users\/1"}],"replies":[{"embeddable":true,"href":"https:\/\/argiena.com\/index.php\/wp-json\/wp\/v2\/comments?post=76"}],"version-history":[{"count":16,"href":"https:\/\/argiena.com\/index.php\/wp-json\/wp\/v2\/pages\/76\/revisions"}],"predecessor-version":[{"id":204,"href":"https:\/\/argiena.com\/index.php\/wp-json\/wp\/v2\/pages\/76\/revisions\/204"}],"wp:featuredmedia":[{"embeddable":true,"href":"https:\/\/argiena.com\/index.php\/wp-json\/wp\/v2\/media\/21"}],"wp:attachment":[{"href":"https:\/\/argiena.com\/index.php\/wp-json\/wp\/v2\/media?parent=76"}],"curies":[{"name":"wp","href":"https:\/\/api.w.org\/{rel}","templated":true}]}}