{"id":72,"date":"2026-03-09T07:22:12","date_gmt":"2026-03-09T07:22:12","guid":{"rendered":"http:\/\/argienaselfcareproducts.wordpress.com\/?page_id=1"},"modified":"2026-03-15T15:15:28","modified_gmt":"2026-03-15T15:15:28","slug":"about","status":"publish","type":"page","link":"https:\/\/argiena.com\/index.php\/about\/","title":{"rendered":"Qui sommes-nous?"},"content":{"rendered":"\n<div class=\"wp-block-cover alignfull\" style=\"padding-top:var(--wp--preset--spacing--50);padding-right:var(--wp--preset--spacing--40);padding-bottom:var(--wp--preset--spacing--40);padding-left:var(--wp--preset--spacing--40);min-height:558px;aspect-ratio:unset;\"><span aria-hidden=\"true\" class=\"wp-block-cover__background has-theme-5-background-color has-background-dim\"><\/span><img loading=\"lazy\" decoding=\"async\" width=\"1920\" height=\"2560\" src=\"https:\/\/argiena.com\/wp-content\/uploads\/2026\/03\/img_5899-scaled.jpeg\" class=\"wp-block-cover__image-background wp-post-image\" alt=\"\" data-object-fit=\"cover\" srcset=\"https:\/\/argiena.com\/wp-content\/uploads\/2026\/03\/img_5899-scaled.jpeg 1920w, https:\/\/argiena.com\/wp-content\/uploads\/2026\/03\/img_5899-scaled-600x800.jpeg 600w\" sizes=\"auto, (max-width: 1920px) 100vw, 1920px\" \/><div class=\"wp-block-cover__inner-container has-global-padding is-layout-constrained wp-container-core-cover-is-layout-57204a85 wp-block-cover-is-layout-constrained\">\n<div class=\"wp-block-group alignwide is-layout-flow wp-block-group-is-layout-flow\" style=\"margin-top:0;margin-bottom:0;padding-top:0;padding-right:0;padding-bottom:0;padding-left:0\">\n<p class=\"has-text-align-center has-large-font-size\">Deux passionn\u00e9es, \u00e7a c&#8217;est certain.<\/p>\n\n\n\n<div class=\"wp-block-columns is-layout-flex wp-container-core-columns-is-layout-28f84493 wp-block-columns-is-layout-flex\">\n<div class=\"wp-block-column is-vertically-aligned-top is-layout-flow wp-block-column-is-layout-flow\">\n<figure class=\"wp-block-image alignleft size-full\"><img loading=\"lazy\" decoding=\"async\" width=\"1920\" height=\"2560\" src=\"https:\/\/argiena.com\/wp-content\/uploads\/2026\/03\/img_5899-scaled.jpeg\" alt=\"\" class=\"wp-image-42\" style=\"aspect-ratio:0.7499999768712778\" srcset=\"https:\/\/argiena.com\/wp-content\/uploads\/2026\/03\/img_5899-scaled.jpeg 1920w, https:\/\/argiena.com\/wp-content\/uploads\/2026\/03\/img_5899-scaled-600x800.jpeg 600w\" sizes=\"auto, (max-width: 1920px) 100vw, 1920px\" \/><\/figure>\n<\/div>\n\n\n\n<div class=\"wp-block-column is-layout-flow wp-block-column-is-layout-flow\">\n<div class=\"wp-block-group is-vertical is-content-justification-left is-layout-flex wp-container-core-group-is-layout-dd225191 wp-block-group-is-layout-flex\">\n<p class=\"has-drop-cap has-text-align-left\">Une professionnelle, Prune est \u00e9tiopathe animali\u00e8re ayant suivi un cursus v\u00e9t\u00e9rinaire en Belgique et avec plus de 25 ans de pratique ost\u00e9opathique. Sportive de haut niveau en CSO, elle a m\u00eame \u00e9t\u00e9 membre de l&#8217;\u00e9quipe de France durant des ann\u00e9es.<\/p>\n\n\n\n<p>Apr\u00e8s les chevaux, Prune s&#8217;est \u00e9galement sp\u00e9cialis\u00e9e dans les chiens avec le Mondioring et l&#8217;Agility en championnats de France et du Monde.<\/p>\n\n\n\n<p>Et une deuxi\u00e8me, Ludivine, cavali\u00e8re propri\u00e9taire depuis plus de 20 ans. Fille de militaire ayant eu la chance d&#8217;apprendre dans les beaux man\u00e8ges de La Fl\u00e8che ou Saumur, elle est devenue dompteuse d&#8217;anglo-arabes.<\/p>\n\n\n\n<p>Devenue plus sage, avec un poney et un selle fran\u00e7ais, son dada est la r\u00e9daction, les visuels et le marketing.<\/p>\n\n\n\n<p class=\"has-text-align-center\">Et si \u00e7a vous pla\u00eet, suivez nous ici sur les r\u00e9seaux !<\/p>\n<\/div>\n<\/div>\n<\/div>\n\n\n\n<p><\/p>\n\n\n\n<div class=\"wp-block-buttons is-content-justification-center is-layout-flex wp-container-core-buttons-is-layout-a89b3969 wp-block-buttons-is-layout-flex\">\n<div class=\"wp-block-button\"><a class=\"wp-block-button__link wp-element-button\" href=\"https:\/\/www.instagram.com\/argiena_selfcareproducts\/\">Instagram<\/a><\/div>\n<\/div>\n<\/div>\n<\/div><\/div>\n","protected":false},"excerpt":{"rendered":"","protected":false},"author":1,"featured_media":42,"parent":0,"menu_order":0,"comment_status":"closed","ping_status":"open","template":"","meta":{"footnotes":""},"class_list":["post-72","page","type-page","status-publish","has-post-thumbnail","hentry"],"jetpack_sharing_enabled":true,"_links":{"self":[{"href":"https:\/\/argiena.com\/index.php\/wp-json\/wp\/v2\/pages\/72","targetHints":{"allow":["GET"]}}],"collection":[{"href":"https:\/\/argiena.com\/index.php\/wp-json\/wp\/v2\/pages"}],"about":[{"href":"https:\/\/argiena.com\/index.php\/wp-json\/wp\/v2\/types\/page"}],"author":[{"embeddable":true,"href":"https:\/\/argiena.com\/index.php\/wp-json\/wp\/v2\/users\/1"}],"replies":[{"embeddable":true,"href":"https:\/\/argiena.com\/index.php\/wp-json\/wp\/v2\/comments?post=72"}],"version-history":[{"count":33,"href":"https:\/\/argiena.com\/index.php\/wp-json\/wp\/v2\/pages\/72\/revisions"}],"predecessor-version":[{"id":205,"href":"https:\/\/argiena.com\/index.php\/wp-json\/wp\/v2\/pages\/72\/revisions\/205"}],"wp:featuredmedia":[{"embeddable":true,"href":"https:\/\/argiena.com\/index.php\/wp-json\/wp\/v2\/media\/42"}],"wp:attachment":[{"href":"https:\/\/argiena.com\/index.php\/wp-json\/wp\/v2\/media?parent=72"}],"curies":[{"name":"wp","href":"https:\/\/api.w.org\/{rel}","templated":true}]}}